{"id":15,"date":"2018-02-28T21:50:20","date_gmt":"2018-02-28T20:50:20","guid":{"rendered":"http:\/\/lepedre.com\/?page_id=15"},"modified":"2021-07-07T18:15:00","modified_gmt":"2021-07-07T16:15:00","slug":"accueil","status":"publish","type":"page","link":"https:\/\/lepedre.com\/","title":{"rendered":"ABOUT"},"content":{"rendered":"<h3><a name=\"producteur\"><\/a><\/h3>\n<h3 style=\"text-align: center\">ABOUT<\/h3>\n<div class=\"page\" title=\"Page 1\">\n<div class=\"layoutArea\">\n<div class=\"column\">\n<p style=\"text-align: center\"><span style=\"font-family: Helvetica\">Le Pedre, de son v\u00e9ritable nom Pierre Abbate, est un producteur de musique \u00e9lectronique originaire de Toulon dans le sud de la France. Berc\u00e9 d\u00e8s le plus jeune \u00e2ge par les vinyles Blues, Rock et Hard Rock de son p\u00e8re il s\u2019int\u00e9resse tr\u00e8s t\u00f4t \u00e0 la musique et commence son voyage musical en apprenant \u00e0 jouer de la guitare et de la batterie.<\/span><\/p>\n<p style=\"text-align: center\"><span style=\"font-family: Helvetica\">Gr\u00e2ce aux clubs du sud de la France il d\u00e9couvre la musique \u00e9lectronique et va tr\u00e8s vite \u00eatre attir\u00e9 par ce style et son univers. Il fera ses d\u00e9buts en tant que DJ dans ces m\u00eames clubs et va tr\u00e8s rapidement se diriger vers la production musicale o\u00f9 son exp\u00e9rience de musicien va lui permettre de rapidement s\u2019\u00e9panouir.<\/span><\/p>\n<p style=\"text-align: center\"><span style=\"font-family: Helvetica\">Le Pedre va rapidement trouver son style en m\u00e9langeant ses univers musicaux favoris, le Rock et l\u2019Electro, il en r\u00e9sulte une musique puissante et explosive. Avec pour objectif d\u2019amener le Rock dans le monde de la musique \u00e9lectronique, il va \u00e9cumer les clubs et les festivals avec sa guitare.<\/span><\/p>\n<p style=\"text-align: center\"><span style=\"font-family: Helvetica\">Aujourd\u2019hui reconnu pour la puissance de ses shows il n\u2019est pas rare de le voir partager des sc\u00e8nes avec certains des plus grands artistes \u00e9lectroniques actuel.<\/span><\/p>\n<\/div>\n<\/div>\n<\/div>\n","protected":false},"excerpt":{"rendered":"<p>ABOUT Le Pedre, de son v\u00e9ritable nom Pierre Abbate, est un producteur de musique \u00e9lectronique originaire de Toulon dans le sud de la France. Berc\u00e9 d\u00e8s le plus jeune \u00e2ge par les vinyles Blues, Rock<a class=\"moretag\" href=\"https:\/\/lepedre.com\/\"> Lire la suite<\/a><\/p>\n","protected":false},"author":1,"featured_media":84,"parent":0,"menu_order":0,"comment_status":"closed","ping_status":"closed","template":"","meta":[],"_links":{"self":[{"href":"https:\/\/lepedre.com\/index.php\/wp-json\/wp\/v2\/pages\/15"}],"collection":[{"href":"https:\/\/lepedre.com\/index.php\/wp-json\/wp\/v2\/pages"}],"about":[{"href":"https:\/\/lepedre.com\/index.php\/wp-json\/wp\/v2\/types\/page"}],"author":[{"embeddable":true,"href":"https:\/\/lepedre.com\/index.php\/wp-json\/wp\/v2\/users\/1"}],"replies":[{"embeddable":true,"href":"https:\/\/lepedre.com\/index.php\/wp-json\/wp\/v2\/comments?post=15"}],"version-history":[{"count":54,"href":"https:\/\/lepedre.com\/index.php\/wp-json\/wp\/v2\/pages\/15\/revisions"}],"predecessor-version":[{"id":357,"href":"https:\/\/lepedre.com\/index.php\/wp-json\/wp\/v2\/pages\/15\/revisions\/357"}],"wp:featuredmedia":[{"embeddable":true,"href":"https:\/\/lepedre.com\/index.php\/wp-json\/wp\/v2\/media\/84"}],"wp:attachment":[{"href":"https:\/\/lepedre.com\/index.php\/wp-json\/wp\/v2\/media?parent=15"}],"curies":[{"name":"wp","href":"https:\/\/api.w.org\/{rel}","templated":true}]}}